{"id":1889,"date":"2021-01-07T14:50:41","date_gmt":"2021-01-07T13:50:41","guid":{"rendered":"https:\/\/www.studiokliker.hr\/home\/"},"modified":"2023-10-27T09:45:11","modified_gmt":"2023-10-27T08:45:11","slug":"home","status":"publish","type":"page","link":"https:\/\/www.studiodobrihideja.hr\/es\/","title":{"rendered":"Home"},"content":{"rendered":"<p>[cl_slider slider_height=\u00bb200&#8243; css_style=\u00bbmargin-top:0px\u00bb][cl_slide][cl_row fullheight=\u00bb1&#8243; extra_class=\u00bbhomepage-slider\u00bb css_style=\u00bbmargin-top:0|margin-bottom:0|margin-left:0|margin-right:0|padding-top:0|padding-bottom:0|padding-left:0|padding-right:0|border-top-width:0|border-bottom-width:0|border-left-width:0|border-right-width:0&#8243; background_position=\u00bbcenter center\u00bb overlay_opacity=\u00bb0.60&#8243; animation_speed=\u00bb1000&#8243; device_visibility=\u00bb0:none_\u00bb css_style_991=\u00bbpadding-top:|padding-bottom:\u00bb css_style_767=\u00bbpadding-top:|padding-bottom:\u00bb background_image=\u00bbid:857|mime:undefined|url:http%3A%2F%2Fkliker.hiperweb.hr%2Fwp-content%2Fuploads%2F2020%2F12%2Fhome-1-150&#215;150.jpg\u00bb][cl_column horizontal_align=\u00bbmiddle\u00bb vertical_align=\u00bbmiddle\u00bb css_style=\u00bbmargin-top:0|margin-bottom:0|margin-left:0|margin-right:0|padding-left:0|padding-right:0|border-top-width:0|border-bottom-width:0|border-left-width:0|border-right-width:0&#8243; device_visibility=\u00bb0:none_\u00bb css_style_991=\u00bbpadding-top:|padding-bottom:\u00bb css_style_767=\u00bbpadding-top:|padding-bottom:\u00bb background_image=\u00bbid:|mime:|url:\u00bb][cl_custom_heading typography=\u00bbh1&#8243; custom_responsive_992_bool_ch=\u00bb0&#8243; custom_responsive_768_bool_ch=\u00bb0&#8243; animation=\u00bbbottom-t-top\u00bb animation_delay=\u00bb200&#8243; animation_speed=\u00bb300&#8243; css_style=\u00bbmargin-top:35px\u00bb custom_responsive_768_bool=\u00bb1&#8243;]<\/p>\n<p style=\"text-align: center;\">Nosotros creamos un dise\u00f1o creativo, \u00fanico y estrat\u00e9gicamente orientado.<\/p>\n<p>[\/cl_custom_heading][\/cl_column][\/cl_row][\/cl_slide][cl_slide][cl_row fullheight=\u00bb1&#8243; extra_class=\u00bbhomepage-slider\u00bb css_style=\u00bbmargin-top:0|margin-bottom:0|margin-left:0|margin-right:0|padding-top:0|padding-bottom:0|padding-left:0|padding-right:0|border-top-width:0|border-bottom-width:0|border-left-width:0|border-right-width:0&#8243; background_position=\u00bbcenter center\u00bb overlay_opacity=\u00bb0.60&#8243; animation_speed=\u00bb1000&#8243; device_visibility=\u00bb0:none_\u00bb css_style_991=\u00bbpadding-top:|padding-bottom:\u00bb css_style_767=\u00bbpadding-top:|padding-bottom:\u00bb background_image=\u00bbid:858|mime:undefined|url:http%3A%2F%2Fkliker.hiperweb.hr%2Fwp-content%2Fuploads%2F2020%2F12%2Fhome-2-150&#215;150.jpg\u00bb][cl_column horizontal_align=\u00bbmiddle\u00bb vertical_align=\u00bbmiddle\u00bb css_style=\u00bbpadding-top:20px|padding-bottom:20px\u00bb device_visibility=\u00bb0:none_\u00bb css_style_991=\u00bbpadding-top:|padding-bottom:\u00bb css_style_767=\u00bbpadding-top:|padding-bottom:\u00bb background_image=\u00bbid:|mime:|url:\u00bb][cl_custom_heading typography=\u00bbh1&#8243; custom_responsive_992_bool_ch=\u00bb0&#8243; custom_responsive_768_bool_ch=\u00bb0&#8243; animation=\u00bbbottom-t-top\u00bb animation_delay=\u00bb300&#8243; animation_speed=\u00bb300&#8243; css_style=\u00bbmargin-top:35px\u00bb custom_responsive_768_bool=\u00bb1&#8243;]<\/p>\n<p style=\"text-align: center;\">Somos curiosos y siempre aprendemos a brindar el mejor servicio.<\/p>\n<p>[\/cl_custom_heading][\/cl_column][\/cl_row][\/cl_slide][\/cl_slider][cl_row fullheight=\u00bb0&#8243; custom_width_bool=\u00bb0&#8243; equal_height=\u00bb0&#8243; row_disabled=\u00bb0&#8243; extra_class=\u00bbmobile-padding\u00bb row_video_loop=\u00bb0&#8243; css_style=\u00bbpadding-top:70px|padding-bottom:70px\u00bb background_position=\u00bbleft top\u00bb parallax=\u00bb0&#8243; device_visibility=\u00bb0:none_\u00bb css_style_991_row_bool=\u00bb0&#8243; css_style_767_row_bool=\u00bb0&#8243; background_image=\u00bbid:|mime:|url:\u00bb][cl_column width=\u00bb1\/3&#8243; css_style=\u00bbpadding-top:20px|padding-bottom:20px\u00bb device_visibility=\u00bb`{`object Object`}`\u00bb css_style_991=\u00bbpadding-top:|padding-bottom:\u00bb css_style_767=\u00bbpadding-top:|padding-bottom:\u00bb][cl_service media=\u00bbtype_custom\u00bb title=\u00bbTenemos grandes ideas\u00bb subtitle_bool=\u00bb0&#8243; css_style=\u00bbmargin-top:30px\u00bb wrapper_box_shadow=\u00bb0&#8243; wrapper_size=\u00bb47&#8243; wrapper_distance=\u00bb15&#8243; title_content_distance=\u00bb2&#8243; custom_desc_typography=\u00bb0&#8243; image=\u00bbid:811|mime:undefined|url:https%3A%2F%2Fwww.studiokliker.hr%2Fwp-content%2Fuploads%2F2020%2F12%2Fikone-za-pocetnu-01.png\u00bb]Cont\u00e1ctenos con confianza para que podamos lograr juntos sus objetivos.[\/cl_service][\/cl_column][cl_column width=\u00bb1\/3&#8243; css_style=\u00bbpadding-top:20px|padding-bottom:20px\u00bb device_visibility=\u00bb`{`object Object`}`\u00bb css_style_991=\u00bbpadding-top:|padding-bottom:\u00bb css_style_767=\u00bbpadding-top:|padding-bottom:\u00bb][cl_service media=\u00bbtype_custom\u00bb title=\u00bbC\u00f3mo adaptar su marca\u00bb subtitle_bool=\u00bb0&#8243; css_style=\u00bbmargin-top:30px\u00bb wrapper_box_shadow=\u00bb0&#8243; wrapper_size=\u00bb47&#8243; wrapper_distance=\u00bb15&#8243; title_content_distance=\u00bb2&#8243; custom_desc_typography=\u00bb0&#8243; image=\u00bbid:813|mime:undefined|url:https%3A%2F%2Fwww.studiokliker.hr%2Fwp-content%2Fuploads%2F2020%2F12%2Fikone-za-pocetnu-02.png\u00bb]Ser parte de algo y salir de la caja es un arte para su marca.[\/cl_service][\/cl_column][cl_column width=\u00bb1\/3&#8243; css_style=\u00bbpadding-top:20px|padding-bottom:20px\u00bb device_visibility=\u00bb`{`object Object`}`\u00bb css_style_991=\u00bbpadding-top:|padding-bottom:\u00bb css_style_767=\u00bbpadding-top:|padding-bottom:\u00bb][cl_service media=\u00bbtype_custom\u00bb title=\u00bbC\u00f3mo lanzar su marca\u00bb subtitle_bool=\u00bb0&#8243; css_style=\u00bbmargin-top:30px\u00bb wrapper_box_shadow=\u00bb0&#8243; wrapper_size=\u00bb47&#8243; wrapper_distance=\u00bb15&#8243; title_content_distance=\u00bb2&#8243; custom_desc_typography=\u00bb0&#8243; image=\u00bbid:814|mime:undefined|url:https%3A%2F%2Fwww.studiokliker.hr%2Fwp-content%2Fuploads%2F2020%2F12%2Fikone-za-pocetnu-03.png\u00bb]C\u00f3mo llegar al p\u00fablico objetivo es un gran desaf\u00edo, pero tambi\u00e9n un conocimiento.[\/cl_service][\/cl_column][\/cl_row][cl_row row_type=\u00bbcontainer-fluid\u00bb columns_gap=\u00bb0&#8243; css_style=\u00bbpadding-top:0px|padding-bottom:0px\u00bb device_visibility=\u00bb`{`object Object`}`\u00bb css_style_991=\u00bbpadding-top:|padding-bottom:\u00bb css_style_767=\u00bbpadding-top:|padding-bottom:\u00bb background_color=\u00bb#ffffff\u00bb][cl_column css_style=\u00bbpadding-top:0px|padding-bottom:0px|padding-left:0px\u00bb device_visibility=\u00bb`{`object Object`}`\u00bb css_style_991=\u00bbpadding-top:|padding-bottom:\u00bb css_style_767=\u00bbpadding-top:|padding-bottom:\u00bb][cl_portfolio columns=\u00bb5&#8243; distance=\u00bb0&#8243; carousel=\u00bb1&#8243; portfolio_animation=\u00bbzoom-in\u00bb categories=\u00bb0:radovi\u00bb order=\u00bbASC\u00bb portfolio_overlay_categories_bool=\u00bb0&#8243; portfolio_overlay_color=\u00bbrgba(204,32,44,0.66)\u00bb][\/cl_column][\/cl_row][cl_row css_style=\u00bbpadding-top:25px|padding-bottom:25px\u00bb text_color=\u00bblight-text\u00bb background_position=\u00bbleft top\u00bb device_visibility=\u00bb0:none_\u00bb css_style_991=\u00bbpadding-top:|padding-bottom:\u00bb css_style_767=\u00bbpadding-top:|padding-bottom:\u00bb background_color=\u00bb#608da0&#8243; background_image=\u00bbid:|mime:|url:\u00bb][cl_column width=\u00bb2\/3&#8243; horizontal_align=\u00bbmiddle\u00bb css_style=\u00bbpadding-top:20px|padding-bottom:20px\u00bb device_visibility=\u00bb`{`object Object`}`\u00bb css_style_991=\u00bbpadding-top:|padding-bottom:\u00bb css_style_767=\u00bbpadding-top:|padding-bottom:\u00bb][cl_custom_heading custom_responsive_992_bool_ch=\u00bb0&#8243; custom_responsive_768_bool_ch=\u00bb0&#8243; css_style=\u00bbmargin-top:35px\u00bb]Empiece su historia con nosotros[\/cl_custom_heading][\/cl_column][cl_column width=\u00bb1\/3&#8243; horizontal_align=\u00bbmiddle\u00bb css_style=\u00bbpadding-top:20px|padding-bottom:20px\u00bb device_visibility=\u00bb`{`object Object`}`\u00bb css_style_991=\u00bbpadding-top:|padding-bottom:\u00bb css_style_767=\u00bbpadding-top:|padding-bottom:\u00bb][cl_button btn_title=\u00bbPonganse en contacto\u00bb overwrite_style=\u00bb0&#8243; link=\u00bb\/es\/contacto\u00bb css_style=\u00bbmargin-top:35px\u00bb][\/cl_column][\/cl_row][cl_row extra_class=\u00bbachievements-row\u00bb css_style=\u00bbpadding-top:70px|padding-bottom:70px|border-bottom-width:1px\u00bb device_visibility=\u00bb`{`object Object`}`\u00bb css_style_991=\u00bbpadding-top:|padding-bottom:\u00bb css_style_767=\u00bbpadding-top:|padding-bottom:\u00bb background_color=\u00bb#f8f8f8&#8243; border_color=\u00bb#ebebeb\u00bb][cl_column extra_class=\u00bbwrap-h5&#8243; css_style=\u00bbpadding-top:20px|padding-bottom:20px\u00bb device_visibility=\u00bb0:none_\u00bb css_style_991=\u00bbpadding-top:|padding-bottom:\u00bb css_style_767=\u00bbpadding-top:|padding-bottom:\u00bb][cl_custom_heading typography=\u00bbcustom_font\u00bb custom_responsive_992_bool_ch=\u00bb0&#8243; custom_responsive_768_bool_ch=\u00bb0&#8243; css_style=\u00bbmargin-bottom:10px\u00bb text_color=\u00bb#2d2d2d\u00bb]<\/p>\n<p style=\"text-align: center;\">Algunos de nuestros logros<\/p>\n<p>[\/cl_custom_heading][cl_custom_heading tag=\u00bbh5&#8243; typography=\u00bbcustom_font\u00bb text_font_size=\u00bb18&#8243; text_font_weight=\u00bb400&#8243; text_line_height=\u00bb26&#8243; text_transform=\u00bbnone\u00bb custom_responsive_992_bool_ch=\u00bb0&#8243; custom_responsive_768_bool_ch=\u00bb0&#8243; css_style=\u00bbmargin-top:m|margin-bottom:m|margin-left:m|margin-right:m|padding-top:m|padding-bottom:m|padding-left:m|padding-right:m|border-top-width:m|border-bottom-width:m|border-left-width:m|border-right-width:m\u00bb text_color=\u00bb#7c7c7c\u00bb]<\/p>\n<p style=\"text-align: center;\">Studio dobrih ideja es un grupo de apasionados, experimentados y profesionales dise\u00f1adores, redactores publicitarios y estrategas de marca; m\u00e1s los mismos colaboradores externos de desarrolladores, programadores e imprentas.<\/p>\n<p>[\/cl_custom_heading][\/cl_column][\/cl_row][cl_row css_style=\u00bbpadding-top:70px|padding-bottom:70px\u00bb device_visibility=\u00bb`{`object Object`}`\u00bb css_style_991=\u00bbpadding-top:|padding-bottom:\u00bb css_style_767=\u00bbpadding-top:|padding-bottom:\u00bb][cl_column width=\u00bb1\/2&#8243; extra_class=\u00bbwrap-s\u00bb css_style=\u00bbpadding-top:20px|padding-bottom:20px\u00bb device_visibility=\u00bb0:none_\u00bb css_style_991=\u00bbpadding-top:|padding-bottom:\u00bb css_style_767=\u00bbpadding-top:|padding-bottom:\u00bb background_image=\u00bbid:|mime:|url:\u00bb][cl_custom_heading typography=\u00bbh3&#8243; custom_responsive_992_bool_ch=\u00bb0&#8243; custom_responsive_768_bool_ch=\u00bb0&#8243; css_style=\u00bbmargin-top:35px\u00bb]Informaciones sobre la empresa[\/cl_custom_heading][cl_text custom_typography=\u00bb0&#8243; custom_responsive_992_bool=\u00bb0&#8243; custom_responsive_768_bool=\u00bb0&#8243; css_style=\u00bbmargin-top:10px\u00bb]Studio dobrih ideja es un grupo de apasionados, experimentados y profesionales dise\u00f1adores, redactores publicitarios y estrategas de marca; m\u00e1s los mismos colaboradores externos de desarrolladores, programadores e imprentas.[\/cl_text][cl_toggles accordion=\u00bb1&#8243; css_style=\u00bbmargin-top:25px\u00bb][cl_toggle is_active=\u00bb1&#8243; title=\u00bbHistoria\u00bb][cl_text custom_typography=\u00bb0&#8243; custom_responsive_992_bool=\u00bb0&#8243; custom_responsive_768_bool=\u00bb0&#8243; css_style=\u00bbmargin-top:35px\u00bb]Poseemos muchos proyectos \u00e9xitosamente terminados y nuevos productos en los que hemos trabajado de principio a fin, con clientes muy satisfechos.[\/cl_text][\/cl_toggle][cl_toggle is_active=\u00bb0&#8243; title=\u00bbLo que hemos hecho\u00bb][cl_text custom_typography=\u00bb0&#8243; custom_responsive_992_bool=\u00bb0&#8243; custom_responsive_768_bool=\u00bb0&#8243; css_style=\u00bbmargin-top:m|margin-bottom:m|margin-left:m|margin-right:m|padding-top:m|padding-bottom:m|padding-left:m|padding-right:m|border-top-width:m|border-bottom-width:m|border-left-width:m|border-right-width:m\u00bb]Contamos con 20 a\u00f1os de exitosa experiencia en el campo de las comunicaciones de marketing.[\/cl_text][\/cl_toggle][cl_toggle is_active=\u00bb0&#8243; title=\u00bbFuturo\u00bb][cl_text custom_typography=\u00bb0&#8243; custom_responsive_992_bool=\u00bb0&#8243; custom_responsive_768_bool=\u00bb0&#8243; css_style=\u00bbmargin-top:35px\u00bb]La pasi\u00f3n y la curiosidad son los motores de la creatividad en cada \u00e1rea que se hace m\u00e1s fuerte y m\u00e1s grande cada d\u00eda. En el futuro, queremos mantenernos como estamos, brindarle el mejor servicio que est\u00e1 buscando y tambi\u00e9n lograr que su producto y servicio sea competitivo, \u00fanico y original en el entorno del mercado en el que se encuentren.[\/cl_text][\/cl_toggle][\/cl_toggles][\/cl_column][cl_column width=\u00bb1\/2&#8243; extra_class=\u00bbwrap-l\u00bb css_style=\u00bbpadding-top:20px|padding-bottom:20px\u00bb device_visibility=\u00bb0:none_\u00bb css_style_991=\u00bbpadding-top:|padding-bottom:\u00bb css_style_767=\u00bbpadding-top:|padding-bottom:\u00bb][cl_custom_heading typography=\u00bbh3&#8243; custom_responsive_992_bool_ch=\u00bb0&#8243; custom_responsive_768_bool_ch=\u00bb0&#8243; css_style=\u00bbmargin-top:35px\u00bb]Qu\u00e9 hacemos[\/cl_custom_heading][cl_text custom_typography=\u00bb0&#8243; custom_responsive_992_bool=\u00bb0&#8243; custom_responsive_768_bool=\u00bb0&#8243; css_style=\u00bbmargin-top:10px\u00bb]Ofrecemos a nuestros futuros y habituales clientes: calidad top y los m\u00e1s modernos servicios para que sus requerimientos satisfagan las necesidades del mercado.[\/cl_text][cl_progress_bar title=\u00bbComunicaciones visuales\u00bb percentage=\u00bb91&#8243; css_style=\u00bbmargin-top:50px\u00bb][cl_progress_bar title=\u00bbDise\u00f1o de identidad del producto y packaging\u00bb percentage=\u00bb78&#8243; css_style=\u00bbmargin-top:m|margin-bottom:m|margin-left:m|margin-right:m|padding-top:m|padding-bottom:m|padding-left:m|padding-right:m|border-top-width:m|border-bottom-width:m|border-left-width:m|border-right-width:m\u00bb][cl_progress_bar title=\u00bbDise\u00f1o de p\u00e1ginas web\u00bb percentage=\u00bb65&#8243; css_style=\u00bbmargin-top:15px\u00bb][cl_progress_bar title=\u00bbDise\u00f1ando el nombre de un producto o servicio\u00bb percentage=\u00bb59&#8243; css_style=\u00bbmargin-top:15px\u00bb][\/cl_column][\/cl_row][cl_row css_style=\u00bbborder-top-width:1px\u00bb device_visibility=\u00bb`{`object Object`}`\u00bb css_style_991=\u00bbpadding-top:|padding-bottom:\u00bb css_style_767=\u00bbpadding-top:|padding-bottom:\u00bb background_color=\u00bb#f8f8f8&#8243; border_color=\u00bb#ebebeb\u00bb][cl_column width=\u00bb1\/4&#8243; css_style=\u00bbpadding-top:20px|padding-bottom:20px\u00bb device_visibility=\u00bb`{`object Object`}`\u00bb css_style_991=\u00bbpadding-top:|padding-bottom:\u00bb css_style_767=\u00bbpadding-top:|padding-bottom:\u00bb][cl_counter css_style=\u00bbmargin-top:0px\u00bb][cl_custom_heading typography=\u00bbh6&#8243; custom_responsive_992_bool_ch=\u00bb0&#8243; custom_responsive_768_bool_ch=\u00bb0&#8243; css_style=\u00bbmargin-top:0px\u00bb]<\/p>\n<p style=\"text-align: center;\">Proyectos en 2020<\/p>\n<p>[\/cl_custom_heading][\/cl_column][cl_column width=\u00bb1\/4&#8243; css_style=\u00bbpadding-top:20px|padding-bottom:20px\u00bb device_visibility=\u00bb`{`object Object`}`\u00bb css_style_991=\u00bbpadding-top:|padding-bottom:\u00bb css_style_767=\u00bbpadding-top:|padding-bottom:\u00bb][cl_counter number=\u00bb56&#8243; css_style=\u00bbmargin-top:0px\u00bb][cl_custom_heading typography=\u00bbh6&#8243; custom_responsive_992_bool_ch=\u00bb0&#8243; custom_responsive_768_bool_ch=\u00bb0&#8243; css_style=\u00bbmargin-top:0px\u00bb]<\/p>\n<p style=\"text-align: center;\">Horas por semana<\/p>\n<p>[\/cl_custom_heading][\/cl_column][cl_column width=\u00bb1\/4&#8243; css_style=\u00bbpadding-top:20px|padding-bottom:20px\u00bb device_visibility=\u00bb`{`object Object`}`\u00bb css_style_991=\u00bbpadding-top:|padding-bottom:\u00bb css_style_767=\u00bbpadding-top:|padding-bottom:\u00bb][cl_counter number=\u00bb86&#8243; css_style=\u00bbmargin-top:0px\u00bb][cl_custom_heading typography=\u00bbh6&#8243; custom_responsive_992_bool_ch=\u00bb0&#8243; custom_responsive_768_bool_ch=\u00bb0&#8243; css_style=\u00bbmargin-top:0px\u00bb]<\/p>\n<p style=\"text-align: center;\">En operaci\u00f3n<\/p>\n<p>[\/cl_custom_heading][\/cl_column][cl_column width=\u00bb1\/4&#8243; css_style=\u00bbpadding-top:20px|padding-bottom:20px\u00bb device_visibility=\u00bb`{`object Object`}`\u00bb css_style_991=\u00bbpadding-top:|padding-bottom:\u00bb css_style_767=\u00bbpadding-top:|padding-bottom:\u00bb][cl_counter number=\u00bb20&#8243; css_style=\u00bbmargin-top:0px\u00bb][cl_custom_heading typography=\u00bbh6&#8243; custom_responsive_992_bool_ch=\u00bb0&#8243; custom_responsive_768_bool_ch=\u00bb0&#8243; css_style=\u00bbmargin-top:0px\u00bb]<\/p>\n<p style=\"text-align: center;\">A\u00f1os de experiencia<\/p>\n<p>[\/cl_custom_heading][\/cl_column][\/cl_row][cl_row custom_width_bool=\u00bb1&#8243; custom_width=\u00bb920&#8243; css_style=\u00bbpadding-top:45px|padding-bottom:45px\u00bb text_color=\u00bblight-text\u00bb background_position=\u00bbleft top\u00bb device_visibility=\u00bb0:none_\u00bb css_style_991=\u00bbpadding-top:|padding-bottom:\u00bb css_style_767=\u00bbpadding-top:|padding-bottom:\u00bb background_color=\u00bb#608da0&#8243; background_image=\u00bbid:|mime:|url:\u00bb][cl_column css_style=\u00bbpadding-top:0px|padding-bottom:0px|padding-left:0px\u00bb device_visibility=\u00bb0:none_\u00bb css_style_991=\u00bbpadding-top:|padding-bottom:\u00bb css_style_767=\u00bbpadding-top:|padding-bottom:\u00bb background_image=\u00bbid:|mime:|url:\u00bb][cl_testimonial carousel_dots=\u00bb1&#8243; categories=\u00bb`{`object Object`}`\u00bb][\/cl_column][\/cl_row]<\/p>\n","protected":false},"excerpt":{"rendered":"<p>[cl_slider slider_height=\u00bb200&#8243; css_style=\u00bbmargin-top:0px\u00bb][cl_slide][cl_row fullheight=\u00bb1&#8243; extra_class=\u00bbhomepage-slider\u00bb css_style=\u00bbmargin-top:0|margin-bottom:0|margin-left:0|margin-right:0|padding-top:0|padding-bottom:0|padding-left:0|padding-right:0|border-top-width:0|border-bottom-width:0|border-left-width:0|border-right-width:0&#8243; background_position=\u00bbcenter center\u00bb overlay_opacity=\u00bb0.60&#8243; animation_speed=\u00bb1000&#8243; device_visibility=\u00bb0:none_\u00bb css_style_991=\u00bbpadding-top:|padding-bottom:\u00bb css_style_767=\u00bbpadding-top:|padding-bottom:\u00bb background_image=\u00bbid:857|mime:undefined|url:http%3A%2F%2Fkliker.hiperweb.hr%2Fwp-content%2Fuploads%2F2020%2F12%2Fhome-1-150&#215;150.jpg\u00bb][cl_column horizontal_align=\u00bbmiddle\u00bb vertical_align=\u00bbmiddle\u00bb css_style=\u00bbmargin-top:0|margin-bottom:0|margin-left:0|margin-right:0|padding-left:0|padding-right:0|border-top-width:0|border-bottom-width:0|border-left-width:0|border-right-width:0&#8243; device_visibility=\u00bb0:none_\u00bb css_style_991=\u00bbpadding-top:|padding-bottom:\u00bb css_style_767=\u00bbpadding-top:|padding-bottom:\u00bb background_image=\u00bbid:|mime:|url:\u00bb][cl_custom_heading typography=\u00bbh1&#8243; custom_responsive_992_bool_ch=\u00bb0&#8243; custom_responsive_768_bool_ch=\u00bb0&#8243; animation=\u00bbbottom-t-top\u00bb animation_delay=\u00bb200&#8243; animation_speed=\u00bb300&#8243; css_style=\u00bbmargin-top:35px\u00bb custom_responsive_768_bool=\u00bb1&#8243;] Nosotros creamos un dise\u00f1o creativo, \u00fanico y estrat\u00e9gicamente orientado. [\/cl_custom_heading][\/cl_column][\/cl_row][\/cl_slide][cl_slide][cl_row fullheight=\u00bb1&#8243; [&hellip;]<\/p>\n","protected":false},"author":1,"featured_media":0,"parent":0,"menu_order":0,"comment_status":"closed","ping_status":"closed","template":"","meta":{"footnotes":""},"_links":{"self":[{"href":"https:\/\/www.studiodobrihideja.hr\/es\/wp-json\/wp\/v2\/pages\/1889"}],"collection":[{"href":"https:\/\/www.studiodobrihideja.hr\/es\/wp-json\/wp\/v2\/pages"}],"about":[{"href":"https:\/\/www.studiodobrihideja.hr\/es\/wp-json\/wp\/v2\/types\/page"}],"author":[{"embeddable":true,"href":"https:\/\/www.studiodobrihideja.hr\/es\/wp-json\/wp\/v2\/users\/1"}],"replies":[{"embeddable":true,"href":"https:\/\/www.studiodobrihideja.hr\/es\/wp-json\/wp\/v2\/comments?post=1889"}],"version-history":[{"count":3,"href":"https:\/\/www.studiodobrihideja.hr\/es\/wp-json\/wp\/v2\/pages\/1889\/revisions"}],"predecessor-version":[{"id":2065,"href":"https:\/\/www.studiodobrihideja.hr\/es\/wp-json\/wp\/v2\/pages\/1889\/revisions\/2065"}],"wp:attachment":[{"href":"https:\/\/www.studiodobrihideja.hr\/es\/wp-json\/wp\/v2\/media?parent=1889"}],"curies":[{"name":"wp","href":"https:\/\/api.w.org\/{rel}","templated":true}]}}