{"id":1893,"date":"2021-01-07T15:05:44","date_gmt":"2021-01-07T14:05:44","guid":{"rendered":"https:\/\/www.studiokliker.hr\/sobre-nosotros\/"},"modified":"2024-02-20T10:05:07","modified_gmt":"2024-02-20T09:05:07","slug":"nosotros","status":"publish","type":"page","link":"https:\/\/www.studiodobrihideja.hr\/es\/nosotros\/","title":{"rendered":"Nosotros"},"content":{"rendered":"<p>[cl_page_header title=\u00bbNosotros\u00bb type=\u00bbmodern\u00bb add_description=\u00bb0&#8243; height=\u00bb315&#8243; background_position=\u00bbcenter center\u00bb parallax=\u00bb0&#8243; overlay_opacity=\u00bb0.60&#8243; typography=\u00bbcustom_font\u00bb title_font_size=\u00bb32&#8243; title_font_weight=\u00bb300&#8243; background_image=\u00bbid:860|mime:undefined|url:https%3A%2F%2Fwww.studiokliker.hr%2Fwp-content%2Fuploads%2F2020%2F12%2Fo-nama-150&#215;150.jpg\u00bb background_color=\u00bb#ededed\u00bb title_color=\u00bb#ffffff\u00bb][\/cl_page_header][cl_row css_style=\u00bbpadding-top:45px|padding-bottom:45px\u00bb device_visibility=\u00bb`{`object Object`}`\u00bb css_style_991=\u00bbpadding-top:|padding-bottom:\u00bb css_style_767=\u00bbpadding-top:|padding-bottom:\u00bb][cl_column width=\u00bb1\/2&#8243; extra_class=\u00bbwrap-md\u00bb css_style=\u00bbpadding-top:20px|padding-bottom:20px\u00bb device_visibility=\u00bb0:none_\u00bb css_style_991=\u00bbpadding-top:|padding-bottom:\u00bb css_style_767=\u00bbpadding-top:|padding-bottom:\u00bb][cl_custom_heading typography=\u00bbh3&#8243; custom_responsive_992_bool_ch=\u00bb0&#8243; custom_responsive_768_bool_ch=\u00bb0&#8243; css_style=\u00bbmargin-top:35px\u00bb]Nuestra historia[\/cl_custom_heading][cl_text custom_typography=\u00bb0&#8243; custom_responsive_992_bool=\u00bb0&#8243; custom_responsive_768_bool=\u00bb0&#8243; css_style=\u00bbmargin-top:10px|margin-bottom:0|margin-left:0|margin-right:0|padding-top:0|padding-bottom:0|padding-left:0|padding-right:0|border-top-width:0|border-bottom-width:0|border-left-width:0|border-right-width:0&#8243;]Studio dobrih ideja es un equipo creativo que trabaja y crea proyectos exitosos en el campo de las comunicaciones visuales y de mercado. Contamos con 20 a\u00f1os de trayectoria profesional a nuestras espaldas y una serie de proyectos realizados que van acompa\u00f1ados de varios premios y reconocimientos.<\/p>\n<p>Nuestros servicios incluyen la creaci\u00f3n de la identidad de un servicio o producto a trav\u00e9s de diversos segmentos en su creaci\u00f3n: dise\u00f1o de una estrategia creativa, comunicaci\u00f3n visual, dise\u00f1o de identidad del producto y packaging, dise\u00f1o de sitios web y dise\u00f1o del nombre de un producto o servicio.[\/cl_text][\/cl_column][cl_column width=\u00bb1\/2&#8243; css_style=\u00bbpadding-top:20px|padding-bottom:20px\u00bb device_visibility=\u00bb`{`object Object`}`\u00bb css_style_991=\u00bbpadding-top:|padding-bottom:\u00bb css_style_767=\u00bbpadding-top:|padding-bottom:\u00bb][cl_custom_heading typography=\u00bbh3&#8243; custom_responsive_992_bool_ch=\u00bb0&#8243; custom_responsive_768_bool_ch=\u00bb0&#8243; css_style=\u00bbmargin-top:35px\u00bb]Premios[\/cl_custom_heading][cl_text custom_typography=\u00bb0&#8243; custom_responsive_992_bool=\u00bb0&#8243; custom_responsive_768_bool=\u00bb0&#8243; css_style=\u00bbmargin-top:10px|margin-bottom:0|margin-left:0|margin-right:0|padding-top:0|padding-bottom:0|padding-left:0|padding-right:0|border-top-width:0|border-bottom-width:0|border-left-width:0|border-right-width:0&#8243;]1er premio en el Primer concurso p\u00fablico del Festival de la<br \/>\nUniversidad de Zagreb, Croacia;<br \/>\n1er premio en el Concurso p\u00fablico para<br \/>\nroveer la mascota al Club de futbol croata NK Dinamo Zagreb, Mascota le\u00f3n : Maksi;<br \/>\n1er premio en el Concurso p\u00fablico de identidad visual<br \/>\ny se\u00f1alizaci\u00f3n para el Parque Nacional Croata Velebit;<br \/>\n1er premio de identidad visual para Salom,<br \/>\nWorld Youth Games en Zagreb, Croacia;[\/cl_text][\/cl_column][\/cl_row][cl_row fullheight=\u00bb0&#8243; custom_width_bool=\u00bb0&#8243; equal_height=\u00bb0&#8243; row_disabled=\u00bb0&#8243; row_video_loop=\u00bb0&#8243; css_style=\u00bbpadding-top:45px|padding-bottom:45px\u00bb background_position=\u00bbleft top\u00bb parallax=\u00bb0&#8243; device_visibility=\u00bb0:none_\u00bb css_style_991_row_bool=\u00bb0&#8243; css_style_767_row_bool=\u00bb0&#8243; background_color=\u00bb#f1f1f1&#8243; background_image=\u00bbid:|mime:|url:\u00bb][cl_column css_style=\u00bbpadding-top:20px|padding-bottom:20px\u00bb device_visibility=\u00bb0:none_\u00bb css_style_991=\u00bbpadding-top:|padding-bottom:\u00bb css_style_767=\u00bbpadding-top:|padding-bottom:\u00bb][cl_custom_heading typography=\u00bbh3&#8243; custom_responsive_992_bool_ch=\u00bb0&#8243; custom_responsive_768_bool_ch=\u00bb0&#8243; css_style=\u00bbmargin-top:0|margin-bottom:10px|margin-left:0|margin-right:0|padding-top:0|padding-bottom:0|padding-left:0|padding-right:0|border-top-width:0|border-bottom-width:0|border-left-width:0|border-right-width:0&#8243;]Nuestra lista de clientes[\/cl_custom_heading][cl_text custom_typography=\u00bb0&#8243; custom_responsive_992_bool=\u00bb0&#8243; custom_responsive_768_bool=\u00bb0&#8243; css_style=\u00bbmargin-top:m|margin-bottom:m|margin-left:m|margin-right:m|padding-top:m|padding-bottom:m|padding-left:m|padding-right:m|border-top-width:m|border-bottom-width:m|border-left-width:m|border-right-width:m\u00bb]Abbott, ABC strani jezici, U\u010dili\u0161te Ambitio, ASOO, Barbina Ka\u0161telina, Bausch&amp;Lomb Health, Belupo, Bio&amp;Bio, Buderus, Colgate, Cvitkovi\u0107, Devide i Buji\u0107 &#8211; odvjetni\u010dko dru\u0161tvo, FKIT Fakultet kemijskog in\u017eenjerstva i tehnologije, Fresenius Kabi, HEP Trgovina, Hrvatski studiji, Hrvatsko katoli\u010dko sveu\u010dili\u0161te, HZN Hrvatski zavod za norme, JGL Jadran galenski laboratorij, Kredenc, Mapa znanja, Ministarstvo regionalnoga razvoja i EU fondova, Nueva vision, Pharmas, Pharmaswiss, Tim kabel, VABA banka, Valeant, Veleu\u010dili\u0161te Velika Gorica y otros.[\/cl_text][\/cl_column][\/cl_row][cl_row css_style=\u00bbborder-top-width:1px\u00bb device_visibility=\u00bb`{`object Object`}`\u00bb css_style_991=\u00bbpadding-top:|padding-bottom:\u00bb css_style_767=\u00bbpadding-top:|padding-bottom:\u00bb background_color=\u00bb#ffffff\u00bb border_color=\u00bb#ebebeb\u00bb][cl_column width=\u00bb1\/4&#8243; css_style=\u00bbpadding-top:20px|padding-bottom:20px\u00bb device_visibility=\u00bb`{`object Object`}`\u00bb css_style_991=\u00bbpadding-top:|padding-bottom:\u00bb css_style_767=\u00bbpadding-top:|padding-bottom:\u00bb][cl_counter number=\u00bb56&#8243; css_style=\u00bbmargin-top:0px\u00bb][cl_custom_heading typography=\u00bbh6&#8243; custom_responsive_992_bool_ch=\u00bb0&#8243; custom_responsive_768_bool_ch=\u00bb0&#8243; css_style=\u00bbmargin-top:10px\u00bb]<\/p>\n<p style=\"text-align: center;\">Miembros del equipo<\/p>\n<p>[\/cl_custom_heading][\/cl_column][cl_column width=\u00bb1\/4&#8243; css_style=\u00bbpadding-top:20px|padding-bottom:20px\u00bb device_visibility=\u00bb`{`object Object`}`\u00bb css_style_991=\u00bbpadding-top:|padding-bottom:\u00bb css_style_767=\u00bbpadding-top:|padding-bottom:\u00bb][cl_counter number=\u00bb5&#8243; css_style=\u00bbmargin-top:0px\u00bb][cl_custom_heading typography=\u00bbh6&#8243; custom_responsive_992_bool_ch=\u00bb0&#8243; custom_responsive_768_bool_ch=\u00bb0&#8243; css_style=\u00bbmargin-top:10px\u00bb]<\/p>\n<p style=\"text-align: center;\">Premio<\/p>\n<p>[\/cl_custom_heading][\/cl_column][cl_column width=\u00bb1\/4&#8243; css_style=\u00bbpadding-top:20px|padding-bottom:20px\u00bb device_visibility=\u00bb`{`object Object`}`\u00bb css_style_991=\u00bbpadding-top:|padding-bottom:\u00bb css_style_767=\u00bbpadding-top:|padding-bottom:\u00bb][cl_counter number=\u00bb2008&#8243; css_style=\u00bbmargin-top:0px\u00bb][cl_custom_heading typography=\u00bbh6&#8243; custom_responsive_992_bool_ch=\u00bb0&#8243; custom_responsive_768_bool_ch=\u00bb0&#8243; css_style=\u00bbmargin-top:10px\u00bb]<\/p>\n<p style=\"text-align: center;\">Proyectos exitosos<\/p>\n<p>[\/cl_custom_heading][\/cl_column][cl_column width=\u00bb1\/4&#8243; css_style=\u00bbpadding-top:20px|padding-bottom:20px\u00bb device_visibility=\u00bb`{`object Object`}`\u00bb css_style_991=\u00bbpadding-top:|padding-bottom:\u00bb css_style_767=\u00bbpadding-top:|padding-bottom:\u00bb][cl_counter number=\u00bb23&#8243; css_style=\u00bbmargin-top:0px\u00bb][cl_custom_heading typography=\u00bbh6&#8243; custom_responsive_992_bool_ch=\u00bb0&#8243; custom_responsive_768_bool_ch=\u00bb0&#8243; css_style=\u00bbmargin-top:10px\u00bb]<\/p>\n<p style=\"text-align: center;\">Aplicaciones realizadas<\/p>\n<p>[\/cl_custom_heading][\/cl_column][\/cl_row]<\/p>\n","protected":false},"excerpt":{"rendered":"<p>[cl_page_header title=\u00bbNosotros\u00bb type=\u00bbmodern\u00bb add_description=\u00bb0&#8243; height=\u00bb315&#8243; background_position=\u00bbcenter center\u00bb parallax=\u00bb0&#8243; overlay_opacity=\u00bb0.60&#8243; typography=\u00bbcustom_font\u00bb title_font_size=\u00bb32&#8243; title_font_weight=\u00bb300&#8243; background_image=\u00bbid:860|mime:undefined|url:https%3A%2F%2Fwww.studiokliker.hr%2Fwp-content%2Fuploads%2F2020%2F12%2Fo-nama-150&#215;150.jpg\u00bb background_color=\u00bb#ededed\u00bb title_color=\u00bb#ffffff\u00bb][\/cl_page_header][cl_row css_style=\u00bbpadding-top:45px|padding-bottom:45px\u00bb device_visibility=\u00bb`{`object Object`}`\u00bb css_style_991=\u00bbpadding-top:|padding-bottom:\u00bb css_style_767=\u00bbpadding-top:|padding-bottom:\u00bb][cl_column width=\u00bb1\/2&#8243; extra_class=\u00bbwrap-md\u00bb css_style=\u00bbpadding-top:20px|padding-bottom:20px\u00bb device_visibility=\u00bb0:none_\u00bb css_style_991=\u00bbpadding-top:|padding-bottom:\u00bb css_style_767=\u00bbpadding-top:|padding-bottom:\u00bb][cl_custom_heading typography=\u00bbh3&#8243; custom_responsive_992_bool_ch=\u00bb0&#8243; custom_responsive_768_bool_ch=\u00bb0&#8243; css_style=\u00bbmargin-top:35px\u00bb]Nuestra historia[\/cl_custom_heading][cl_text custom_typography=\u00bb0&#8243; custom_responsive_992_bool=\u00bb0&#8243; custom_responsive_768_bool=\u00bb0&#8243; css_style=\u00bbmargin-top:10px|margin-bottom:0|margin-left:0|margin-right:0|padding-top:0|padding-bottom:0|padding-left:0|padding-right:0|border-top-width:0|border-bottom-width:0|border-left-width:0|border-right-width:0&#8243;]Studio dobrih ideja es un equipo [&hellip;]<\/p>\n","protected":false},"author":1,"featured_media":0,"parent":0,"menu_order":0,"comment_status":"closed","ping_status":"closed","template":"","meta":{"footnotes":""},"_links":{"self":[{"href":"https:\/\/www.studiodobrihideja.hr\/es\/wp-json\/wp\/v2\/pages\/1893"}],"collection":[{"href":"https:\/\/www.studiodobrihideja.hr\/es\/wp-json\/wp\/v2\/pages"}],"about":[{"href":"https:\/\/www.studiodobrihideja.hr\/es\/wp-json\/wp\/v2\/types\/page"}],"author":[{"embeddable":true,"href":"https:\/\/www.studiodobrihideja.hr\/es\/wp-json\/wp\/v2\/users\/1"}],"replies":[{"embeddable":true,"href":"https:\/\/www.studiodobrihideja.hr\/es\/wp-json\/wp\/v2\/comments?post=1893"}],"version-history":[{"count":7,"href":"https:\/\/www.studiodobrihideja.hr\/es\/wp-json\/wp\/v2\/pages\/1893\/revisions"}],"predecessor-version":[{"id":2091,"href":"https:\/\/www.studiodobrihideja.hr\/es\/wp-json\/wp\/v2\/pages\/1893\/revisions\/2091"}],"wp:attachment":[{"href":"https:\/\/www.studiodobrihideja.hr\/es\/wp-json\/wp\/v2\/media?parent=1893"}],"curies":[{"name":"wp","href":"https:\/\/api.w.org\/{rel}","templated":true}]}}