{"id":1921,"date":"2021-01-10T12:33:08","date_gmt":"2021-01-10T11:33:08","guid":{"rendered":"https:\/\/www.studiokliker.hr\/contacto\/"},"modified":"2023-11-03T09:03:49","modified_gmt":"2023-11-03T08:03:49","slug":"contacto","status":"publish","type":"page","link":"https:\/\/www.studiodobrihideja.hr\/es\/contacto\/","title":{"rendered":"Contacto"},"content":{"rendered":"<p>[cl_page_header title=\u00bbCont\u00e1ctenos\u00bb type=\u00bbmodern\u00bb add_description=\u00bb0&#8243; height=\u00bb315&#8243; background_position=\u00bbcenter center\u00bb parallax=\u00bb0&#8243; overlay_opacity=\u00bb0.60&#8243; typography=\u00bbcustom_font\u00bb title_font_size=\u00bb32&#8243; title_font_weight=\u00bb300&#8243; background_image=\u00bbid:947|mime:undefined|url:https%3A%2F%2Fwww.studiokliker.hr%2Fwp-content%2Fuploads%2F2020%2F12%2Fkontakt-150&#215;150.jpg\u00bb title_color=\u00bb#ffffff\u00bb][\/cl_page_header][cl_row css_style=\u00bbpadding-top:45px|padding-bottom:45px\u00bb device_visibility=\u00bb`{`object Object`}`\u00bb css_style_991=\u00bbpadding-top:|padding-bottom:\u00bb css_style_767=\u00bbpadding-top:|padding-bottom:\u00bb][cl_column width=\u00bb1\/2&#8243; css_style=\u00bbpadding-top:20px|padding-bottom:20px\u00bb device_visibility=\u00bb`{`object Object`}`\u00bb css_style_991=\u00bbpadding-top:|padding-bottom:\u00bb css_style_767=\u00bbpadding-top:|padding-bottom:\u00bb][cl_custom_heading typography=\u00bbh3&#8243; custom_responsive_992_bool_ch=\u00bb0&#8243; custom_responsive_768_bool_ch=\u00bb0&#8243; css_style=\u00bbmargin-top:0|margin-bottom:0|margin-left:0|margin-right:0|padding-top:0|padding-bottom:0|padding-left:0|padding-right:0|border-top-width:0|border-bottom-width:0|border-left-width:0|border-right-width:0&#8243;]Encu\u00e9ntrenos[\/cl_custom_heading][cl_text custom_typography=\u00bb0&#8243; custom_responsive_992_bool=\u00bb0&#8243; custom_responsive_768_bool=\u00bb0&#8243; css_style=\u00bbmargin-top:10px|margin-bottom:35px\u00bb]<\/p>\n<div><\/div>\n<div>Env\u00edenos un correo electr\u00f3nico, a trav\u00e9s del formulario de contacto o directamente a\u00a0 <a href=\"mailto:blanka@studiodobrihideja.hr\" target=\"_blank\" rel=\"noopener noreferrer\">blanka@studiodobrihideja.hr<\/a><\/div>\n<div>Invertir en dise\u00f1o es una inversi\u00f3n a largo plazo y en competitividad.<\/div>\n<div>\n<p>Cont\u00e1ctenos con confianza y conv\u00e9nzase del poder del dise\u00f1o.<\/p>\n<\/div>\n<p><b>E-mail:\u00a0<\/b><a href=\"mailto:blanka@studiodobrihideja.hr\" target=\"_blank\" rel=\"noopener noreferrer\">blanka@studiodobrihideja.hr<\/a><\/p>\n<p><b>M\u00f3vil:\u00a0<\/b><a href=\"tel:+38598671098\">00 385 98 671 098<\/a>[\/cl_text][cl_socialicon facebook_link=\u00bbhttps:\/\/www.facebook.com\/Studio-Kliker-352692431411333&#8243; instagram_link=\u00bbhttps:\/\/www.instagram.com\/studioklikerdesignmarketing\/\u00bb twitter_link=\u00bbhttps:\/\/twitter.com\/KlikerStudio\u00bb add_email=\u00bb0&#8243; linkedin_link=\u00bbhttps:\/\/www.linkedin.com\/in\/studio-kliker-dizajn-i-marketing-13b195139\/\u00bb border=\u00bbround\u00bb padding=\u00bb35&#8243; line_height=\u00bb32&#8243; device_visibility=\u00bb0:none_\u00bb color=\u00bb#424242&#8243; hover=\u00bb#0a0a0a\u00bb bcolor=\u00bb#ebebeb\u00bb bgcolor=\u00bb#f9f9f9&#8243; css_style=\u00bb{&#8216;margin-top&#8217;:&#8217;50px&#8217;}_-_json\u00bb][\/cl_column][cl_column width=\u00bb1\/2&#8243; css_style=\u00bbpadding-top:20px|padding-bottom:20px\u00bb device_visibility=\u00bb`{`object Object`}`\u00bb css_style_991=\u00bbpadding-top:|padding-bottom:\u00bb css_style_767=\u00bbpadding-top:|padding-bottom:\u00bb][cl_contact_form7 id=\u00bb1925&#8243; css_style=\u00bbmargin-top:35px\u00bb][\/cl_column][\/cl_row]<\/p>\n","protected":false},"excerpt":{"rendered":"<p>[cl_page_header title=\u00bbCont\u00e1ctenos\u00bb type=\u00bbmodern\u00bb add_description=\u00bb0&#8243; height=\u00bb315&#8243; background_position=\u00bbcenter center\u00bb parallax=\u00bb0&#8243; overlay_opacity=\u00bb0.60&#8243; typography=\u00bbcustom_font\u00bb title_font_size=\u00bb32&#8243; title_font_weight=\u00bb300&#8243; background_image=\u00bbid:947|mime:undefined|url:https%3A%2F%2Fwww.studiokliker.hr%2Fwp-content%2Fuploads%2F2020%2F12%2Fkontakt-150&#215;150.jpg\u00bb title_color=\u00bb#ffffff\u00bb][\/cl_page_header][cl_row css_style=\u00bbpadding-top:45px|padding-bottom:45px\u00bb device_visibility=\u00bb`{`object Object`}`\u00bb css_style_991=\u00bbpadding-top:|padding-bottom:\u00bb css_style_767=\u00bbpadding-top:|padding-bottom:\u00bb][cl_column width=\u00bb1\/2&#8243; css_style=\u00bbpadding-top:20px|padding-bottom:20px\u00bb device_visibility=\u00bb`{`object Object`}`\u00bb css_style_991=\u00bbpadding-top:|padding-bottom:\u00bb css_style_767=\u00bbpadding-top:|padding-bottom:\u00bb][cl_custom_heading typography=\u00bbh3&#8243; custom_responsive_992_bool_ch=\u00bb0&#8243; custom_responsive_768_bool_ch=\u00bb0&#8243; css_style=\u00bbmargin-top:0|margin-bottom:0|margin-left:0|margin-right:0|padding-top:0|padding-bottom:0|padding-left:0|padding-right:0|border-top-width:0|border-bottom-width:0|border-left-width:0|border-right-width:0&#8243;]Encu\u00e9ntrenos[\/cl_custom_heading][cl_text custom_typography=\u00bb0&#8243; custom_responsive_992_bool=\u00bb0&#8243; custom_responsive_768_bool=\u00bb0&#8243; css_style=\u00bbmargin-top:10px|margin-bottom:35px\u00bb] Env\u00edenos un correo electr\u00f3nico, a trav\u00e9s del [&hellip;]<\/p>\n","protected":false},"author":1,"featured_media":0,"parent":0,"menu_order":0,"comment_status":"closed","ping_status":"closed","template":"","meta":{"footnotes":""},"_links":{"self":[{"href":"https:\/\/www.studiodobrihideja.hr\/es\/wp-json\/wp\/v2\/pages\/1921"}],"collection":[{"href":"https:\/\/www.studiodobrihideja.hr\/es\/wp-json\/wp\/v2\/pages"}],"about":[{"href":"https:\/\/www.studiodobrihideja.hr\/es\/wp-json\/wp\/v2\/types\/page"}],"author":[{"embeddable":true,"href":"https:\/\/www.studiodobrihideja.hr\/es\/wp-json\/wp\/v2\/users\/1"}],"replies":[{"embeddable":true,"href":"https:\/\/www.studiodobrihideja.hr\/es\/wp-json\/wp\/v2\/comments?post=1921"}],"version-history":[{"count":6,"href":"https:\/\/www.studiodobrihideja.hr\/es\/wp-json\/wp\/v2\/pages\/1921\/revisions"}],"predecessor-version":[{"id":2081,"href":"https:\/\/www.studiodobrihideja.hr\/es\/wp-json\/wp\/v2\/pages\/1921\/revisions\/2081"}],"wp:attachment":[{"href":"https:\/\/www.studiodobrihideja.hr\/es\/wp-json\/wp\/v2\/media?parent=1921"}],"curies":[{"name":"wp","href":"https:\/\/api.w.org\/{rel}","templated":true}]}}